{"id":18637,"date":"2018-10-05T14:11:58","date_gmt":"2018-10-05T12:11:58","guid":{"rendered":"https:\/\/localsolidaritydays.eu\/edls-charter\/"},"modified":"2025-10-07T17:23:10","modified_gmt":"2025-10-07T15:23:10","slug":"edls-charter","status":"publish","type":"page","link":"https:\/\/localsolidaritydays.eu\/fr\/edls-charter\/","title":{"rendered":"Charte des EDLS"},"content":{"rendered":"<div class=\"frm_forms  with_frm_style frm_style_formidable-style\" id=\"frm_form_3_container\" data-token=\"046bdf6ef1eaeedd6e2fd5d2c30f3bd5\">\n<form enctype=\"multipart\/form-data\" method=\"post\" class=\"frm-show-form  frm_pro_form \" id=\"form_8wbsk\" data-token=\"046bdf6ef1eaeedd6e2fd5d2c30f3bd5\">\n<div class=\"frm_form_fields \">\n<fieldset>\n<legend class=\"frm_screen_reader\">Soutenir la Charte<\/legend>\r\n<h3 class=\"frm_form_title\">Soutenir la Charte<\/h3>\r\n<div class=\"frm_fields_container\">\n<input type=\"hidden\" name=\"frm_action\" value=\"create\" \/>\n<input type=\"hidden\" name=\"form_id\" value=\"3\" \/>\n<input type=\"hidden\" name=\"frm_hide_fields_3\" id=\"frm_hide_fields_3\" value=\"\" \/>\n<input type=\"hidden\" name=\"form_key\" value=\"8wbsk\" \/>\n<input type=\"hidden\" name=\"item_meta[0]\" value=\"\" \/>\n<input type=\"hidden\" id=\"frm_submit_entry_3\" name=\"frm_submit_entry_3\" value=\"b233065206\" \/><input type=\"hidden\" name=\"_wp_http_referer\" value=\"\/fr\/wp-json\/wp\/v2\/pages\/18637\" \/><div id=\"frm_field_12_container\" class=\"frm_form_field form-field  frm_required_field frm_top_container name frm_first frm_half\">\r\n    <label for=\"field_wg60d\" class=\"frm_primary_label\">Pr\u00e9nom\r\n        <span class=\"frm_required\">*<\/span>\r\n    <\/label>\r\n    <input  type=\"text\" id=\"field_wg60d\" name=\"item_meta[12]\" value=\"\"  placeholder=\"Your name\" data-reqmsg=\"Pr\u00e9nom cannot be blank.\" aria-required=\"true\" data-invmsg=\"Text is invalid\" aria-invalid=\"false\"   \/>\r\n    \r\n    \r\n<\/div>\n<div id=\"frm_field_13_container\" class=\"frm_form_field form-field  frm_required_field frm_top_container surname frm_half frm_alignright\">\r\n    <label for=\"field_hb1w8\" class=\"frm_primary_label\">Nom\r\n        <span class=\"frm_required\">*<\/span>\r\n    <\/label>\r\n    <input  type=\"text\" id=\"field_hb1w8\" name=\"item_meta[13]\" value=\"\"  placeholder=\"Your surname\" data-reqmsg=\"Nom cannot be blank.\" aria-required=\"true\" data-invmsg=\"Text is invalid\" aria-invalid=\"false\"   \/>\r\n    \r\n    \r\n<\/div>\n<div id=\"frm_field_37_container\" class=\"frm_form_field form-field  frm_required_field frm_top_container function frm_first frm_half\">\r\n    <label for=\"field_dnva4\" id=\"field_dnva4_label\" class=\"frm_primary_label\">Fonction\r\n        <span class=\"frm_required\">*<\/span>\r\n    <\/label>\r\n    <input  type=\"text\" id=\"field_dnva4\" name=\"item_meta[37]\" value=\"\"  placeholder=\"Your function\" data-reqmsg=\"Fonction cannot be blank.\" aria-required=\"true\" data-invmsg=\"Text is invalid\" aria-invalid=\"false\"   \/>\r\n    \r\n    \r\n<\/div>\n<div id=\"frm_field_14_container\" class=\"frm_form_field form-field  frm_required_field frm_top_container city frm_half frm_alignright\">\r\n    <label for=\"field_jdzq6\" class=\"frm_primary_label\">Organisation\/ville\/r\u00e9gion\r\n        <span class=\"frm_required\">*<\/span>\r\n    <\/label>\r\n    <input  type=\"text\" id=\"field_jdzq6\" name=\"item_meta[14]\" value=\"\"  placeholder=\"Your organisation\/city\/region\" data-reqmsg=\"Organisation\/ville\/r\u00e9gion cannot be blank.\" aria-required=\"true\" data-invmsg=\"Text is invalid\" aria-invalid=\"false\"   \/>\r\n    \r\n    \r\n<\/div>\n<div id=\"frm_field_38_container\" class=\"frm_form_field form-field  frm_required_field frm_top_container type_city frm_half frm_alignright vertical_radio\">\r\n    <div  id=\"field_r3ote_label\" class=\"frm_primary_label\">Type d\u2019organisation\/ville\/region\r\n        <span class=\"frm_required\">*<\/span>\r\n    <\/div>\r\n    <div class=\"frm_opt_container\" aria-labelledby=\"field_r3ote_label\" role=\"radiogroup\" aria-required=\"true\">\t\t<div class=\"frm_radio\" id=\"frm_radio_38-0\">\t\t\t<label  for=\"field_r3ote-0\">\n\t\t\t\t\t<input type=\"radio\" name=\"item_meta[38]\" id=\"field_r3ote-0\" value=\"Local or regional government\"\n\t\t data-reqmsg=\"Type d\u2019organisation\/ville\/region cannot be blank.\" data-invmsg=\"Type d\u2019organisation\/ville\/region est non valide\"   \/> Collectivit\u00e9 territoriale<\/label><\/div>\n\t\t<div class=\"frm_radio\" id=\"frm_radio_38-2\">\t\t\t<label  for=\"field_r3ote-2\">\n\t\t\t\t\t<input type=\"radio\" name=\"item_meta[38]\" id=\"field_r3ote-2\" value=\"Association, NGO\"\n\t\t data-reqmsg=\"Type d\u2019organisation\/ville\/region cannot be blank.\" data-invmsg=\"Type d\u2019organisation\/ville\/region est non valide\"   \/> Association, ONG<\/label><\/div>\n\t\t<div class=\"frm_radio\" id=\"frm_radio_38-3\">\t\t\t<label  for=\"field_r3ote-3\">\n\t\t\t\t\t<input type=\"radio\" name=\"item_meta[38]\" id=\"field_r3ote-3\" value=\"Citizen\/CSO\"\n\t\t data-reqmsg=\"Type d\u2019organisation\/ville\/region cannot be blank.\" data-invmsg=\"Type d\u2019organisation\/ville\/region est non valide\"   \/> Citoyen\/OSC<\/label><\/div>\n<\/div>\r\n    \r\n    \r\n<\/div>\n<div id=\"frm_field_11_container\" class=\"frm_form_field form-field  frm_required_field frm_top_container email frm_half frm_first\">\r\n    <label for=\"field_oi90c\" class=\"frm_primary_label\">E-mail\r\n        <span class=\"frm_required\">*<\/span>\r\n    <\/label>\r\n    <input type=\"email\" id=\"field_oi90c\" name=\"item_meta[11]\" value=\"\"  placeholder=\"Your address@email.com\" data-reqmsg=\"E-mail cannot be blank.\" aria-required=\"true\" data-invmsg=\"E-mail is invalid\" aria-invalid=\"false\"  \/>\r\n    \r\n    \r\n<\/div>\n<div id=\"frm_field_16_container\" class=\"frm_form_field form-field  frm_top_container phone frm_half frm_first\">\r\n    <label for=\"field_gs6xl\" class=\"frm_primary_label\">Num\u00e9ro de t\u00e9l\u00e9phone\r\n        <span class=\"frm_required\"><\/span>\r\n    <\/label>\r\n    <input type=\"tel\" id=\"field_gs6xl\" name=\"item_meta[16]\" value=\"\"  placeholder=\"Your phone number\" data-invmsg=\"Phone is invalid\" aria-invalid=\"false\" pattern=\"((\\+\\d{1,3}(-|.| )?\\(?\\d\\)?(-| |.)?\\d{1,5})|(\\(?\\d{2,6}\\)?))(-|.| )?(\\d{3,4})(-|.| )?(\\d{4})(( x| ext)\\d{1,5}){0,1}$\"  \/>\r\n    \r\n    \r\n<\/div>\n<div id=\"frm_field_75_container\" class=\"frm_form_field form-field  frm_none_container checkbox frm_half frm_alignright vertical_radio\">\r\n    <div  id=\"field_pkptr_label\" class=\"frm_primary_label\">Checkboxes\r\n        <span class=\"frm_required\"><\/span>\r\n    <\/div>\r\n    <div class=\"frm_opt_container\" aria-labelledby=\"field_pkptr_label\" role=\"group\">\t\t<div class=\"frm_checkbox\" id=\"frm_checkbox_75-0\">\t\t\t<label  for=\"field_pkptr-0\">\n\t\t\t<input type=\"checkbox\" name=\"item_meta[75][]\" id=\"field_pkptr-0\" value=\"I\u2019m an elected official and I accept that my name, surname, function and organisation appear on the EDLS website.\"  data-invmsg=\"Checkboxes est non valide\"   \/> I\u2019m an elected official and I accept that my name, surname, function and organisation appear on the EDLS website.<\/label><\/div>\n<\/div>\r\n    \r\n    \r\n<\/div>\n<div id=\"frm_field_85_container\" class=\"frm_form_field form-field \">\n\t<div class=\"frm_submit\">\r\n\r\n<button class=\"frm_button_submit frm_final_submit\" type=\"submit\"   formnovalidate=\"formnovalidate\">Signez<\/button>\r\n\r\n<\/div>\n<\/div>\n\t<input type=\"hidden\" name=\"item_key\" value=\"\" \/>\n\t\t\t<div id=\"frm_field_86_container\">\n\t\t\t<label for=\"field_mqaog\" >\n\t\t\t\tSi vous \u00eates un humain, ne remplissez pas ce champ.\t\t\t<\/label>\n\t\t\t<input  id=\"field_mqaog\" type=\"text\" class=\"frm_form_field form-field frm_verify\" name=\"item_meta[86]\" value=\"\"  \/>\n\t\t<\/div>\n\t\t<input name=\"frm_state\" type=\"hidden\" value=\"\/16R8TaHRCVdnJvuu98dehz4AFDfOqx3BJ8zp4jImHypb0fIXId2dww56hMbwDhR\" \/><\/div>\n<\/fieldset>\n<\/div>\n\n<\/form>\n<\/div>\n\n","protected":false},"excerpt":{"rendered":"","protected":false},"author":1,"featured_media":0,"parent":0,"menu_order":0,"comment_status":"closed","ping_status":"closed","template":"","meta":{"_acf_changed":false,"footnotes":""},"class_list":["post-18637","page","type-page","status-publish","hentry"],"acf":[],"yoast_head":"<!-- This site is optimized with the Yoast SEO plugin v27.3 - https:\/\/yoast.com\/product\/yoast-seo-wordpress\/ -->\n<title>Charte des EDLS - EDLS<\/title>\n<meta name=\"robots\" content=\"index, follow, max-snippet:-1, max-image-preview:large, max-video-preview:-1\" \/>\n<link rel=\"canonical\" href=\"https:\/\/localsolidaritydays.eu\/fr\/edls-charter\/\" \/>\n<meta property=\"og:locale\" content=\"fr_FR\" \/>\n<meta property=\"og:type\" content=\"article\" \/>\n<meta property=\"og:title\" content=\"Charte des EDLS - EDLS\" \/>\n<meta property=\"og:url\" content=\"https:\/\/localsolidaritydays.eu\/fr\/edls-charter\/\" \/>\n<meta property=\"og:site_name\" content=\"EDLS\" \/>\n<meta property=\"article:modified_time\" content=\"2025-10-07T15:23:10+00:00\" \/>\n<meta property=\"og:image\" content=\"https:\/\/localsolidaritydays.eu\/wp-content\/uploads\/2025\/11\/EDLS.jpg\" \/>\n\t<meta property=\"og:image:width\" content=\"2500\" \/>\n\t<meta property=\"og:image:height\" content=\"1408\" \/>\n\t<meta property=\"og:image:type\" content=\"image\/jpeg\" \/>\n<meta name=\"twitter:card\" content=\"summary_large_image\" \/>\n<meta name=\"twitter:label1\" content=\"Dur\u00e9e de lecture estim\u00e9e\" \/>\n\t<meta name=\"twitter:data1\" content=\"1 minute\" \/>\n<script type=\"application\/ld+json\" class=\"yoast-schema-graph\">{\"@context\":\"https:\\\/\\\/schema.org\",\"@graph\":[{\"@type\":\"WebPage\",\"@id\":\"https:\\\/\\\/localsolidaritydays.eu\\\/fr\\\/edls-charter\\\/\",\"url\":\"https:\\\/\\\/localsolidaritydays.eu\\\/fr\\\/edls-charter\\\/\",\"name\":\"Charte des EDLS - EDLS\",\"isPartOf\":{\"@id\":\"https:\\\/\\\/localsolidaritydays.eu\\\/fr\\\/#website\"},\"datePublished\":\"2018-10-05T12:11:58+00:00\",\"dateModified\":\"2025-10-07T15:23:10+00:00\",\"breadcrumb\":{\"@id\":\"https:\\\/\\\/localsolidaritydays.eu\\\/fr\\\/edls-charter\\\/#breadcrumb\"},\"inLanguage\":\"fr-FR\",\"potentialAction\":[{\"@type\":\"ReadAction\",\"target\":[\"https:\\\/\\\/localsolidaritydays.eu\\\/fr\\\/edls-charter\\\/\"]}]},{\"@type\":\"BreadcrumbList\",\"@id\":\"https:\\\/\\\/localsolidaritydays.eu\\\/fr\\\/edls-charter\\\/#breadcrumb\",\"itemListElement\":[{\"@type\":\"ListItem\",\"position\":1,\"name\":\"Home\",\"item\":\"https:\\\/\\\/localsolidaritydays.eu\\\/fr\\\/\"},{\"@type\":\"ListItem\",\"position\":2,\"name\":\"Charte des EDLS\"}]},{\"@type\":\"WebSite\",\"@id\":\"https:\\\/\\\/localsolidaritydays.eu\\\/fr\\\/#website\",\"url\":\"https:\\\/\\\/localsolidaritydays.eu\\\/fr\\\/\",\"name\":\"EDLS\",\"description\":\"European Days of Local Solidarity\",\"potentialAction\":[{\"@type\":\"SearchAction\",\"target\":{\"@type\":\"EntryPoint\",\"urlTemplate\":\"https:\\\/\\\/localsolidaritydays.eu\\\/fr\\\/?s={search_term_string}\"},\"query-input\":{\"@type\":\"PropertyValueSpecification\",\"valueRequired\":true,\"valueName\":\"search_term_string\"}}],\"inLanguage\":\"fr-FR\"}]}<\/script>\n<!-- \/ Yoast SEO plugin. -->","yoast_head_json":{"title":"Charte des EDLS - EDLS","robots":{"index":"index","follow":"follow","max-snippet":"max-snippet:-1","max-image-preview":"max-image-preview:large","max-video-preview":"max-video-preview:-1"},"canonical":"https:\/\/localsolidaritydays.eu\/fr\/edls-charter\/","og_locale":"fr_FR","og_type":"article","og_title":"Charte des EDLS - EDLS","og_url":"https:\/\/localsolidaritydays.eu\/fr\/edls-charter\/","og_site_name":"EDLS","article_modified_time":"2025-10-07T15:23:10+00:00","og_image":[{"width":2500,"height":1408,"url":"https:\/\/localsolidaritydays.eu\/wp-content\/uploads\/2025\/11\/EDLS.jpg","type":"image\/jpeg"}],"twitter_card":"summary_large_image","twitter_misc":{"Dur\u00e9e de lecture estim\u00e9e":"1 minute"},"schema":{"@context":"https:\/\/schema.org","@graph":[{"@type":"WebPage","@id":"https:\/\/localsolidaritydays.eu\/fr\/edls-charter\/","url":"https:\/\/localsolidaritydays.eu\/fr\/edls-charter\/","name":"Charte des EDLS - EDLS","isPartOf":{"@id":"https:\/\/localsolidaritydays.eu\/fr\/#website"},"datePublished":"2018-10-05T12:11:58+00:00","dateModified":"2025-10-07T15:23:10+00:00","breadcrumb":{"@id":"https:\/\/localsolidaritydays.eu\/fr\/edls-charter\/#breadcrumb"},"inLanguage":"fr-FR","potentialAction":[{"@type":"ReadAction","target":["https:\/\/localsolidaritydays.eu\/fr\/edls-charter\/"]}]},{"@type":"BreadcrumbList","@id":"https:\/\/localsolidaritydays.eu\/fr\/edls-charter\/#breadcrumb","itemListElement":[{"@type":"ListItem","position":1,"name":"Home","item":"https:\/\/localsolidaritydays.eu\/fr\/"},{"@type":"ListItem","position":2,"name":"Charte des EDLS"}]},{"@type":"WebSite","@id":"https:\/\/localsolidaritydays.eu\/fr\/#website","url":"https:\/\/localsolidaritydays.eu\/fr\/","name":"EDLS","description":"European Days of Local Solidarity","potentialAction":[{"@type":"SearchAction","target":{"@type":"EntryPoint","urlTemplate":"https:\/\/localsolidaritydays.eu\/fr\/?s={search_term_string}"},"query-input":{"@type":"PropertyValueSpecification","valueRequired":true,"valueName":"search_term_string"}}],"inLanguage":"fr-FR"}]}},"_links":{"self":[{"href":"https:\/\/localsolidaritydays.eu\/fr\/wp-json\/wp\/v2\/pages\/18637","targetHints":{"allow":["GET"]}}],"collection":[{"href":"https:\/\/localsolidaritydays.eu\/fr\/wp-json\/wp\/v2\/pages"}],"about":[{"href":"https:\/\/localsolidaritydays.eu\/fr\/wp-json\/wp\/v2\/types\/page"}],"author":[{"embeddable":true,"href":"https:\/\/localsolidaritydays.eu\/fr\/wp-json\/wp\/v2\/users\/1"}],"replies":[{"embeddable":true,"href":"https:\/\/localsolidaritydays.eu\/fr\/wp-json\/wp\/v2\/comments?post=18637"}],"version-history":[{"count":3,"href":"https:\/\/localsolidaritydays.eu\/fr\/wp-json\/wp\/v2\/pages\/18637\/revisions"}],"predecessor-version":[{"id":19484,"href":"https:\/\/localsolidaritydays.eu\/fr\/wp-json\/wp\/v2\/pages\/18637\/revisions\/19484"}],"wp:attachment":[{"href":"https:\/\/localsolidaritydays.eu\/fr\/wp-json\/wp\/v2\/media?parent=18637"}],"curies":[{"name":"wp","href":"https:\/\/api.w.org\/{rel}","templated":true}]}}