{"id":18650,"date":"2018-10-05T15:59:19","date_gmt":"2018-10-05T13:59:19","guid":{"rendered":"https:\/\/localsolidaritydays.eu\/the-campaign\/"},"modified":"2025-10-07T15:48:29","modified_gmt":"2025-10-07T13:48:29","slug":"the-campaign","status":"publish","type":"page","link":"https:\/\/localsolidaritydays.eu\/es\/the-campaign\/","title":{"rendered":"La campa\u00f1a"},"content":{"rendered":"<div class=\"page\" title=\"Page 1\">\r\n<div class=\"layoutArea\">\r\n<div class=\"column\">\r\n<p>\u00a1Las ciudades y regiones est\u00e1n liderando el camino hacia el desarrollo sostenible global! \u00bfC\u00f3mo? Gracias a <strong>sus proyectos de cooperaci\u00f3n internacional con ciudades y regiones de todo el planeta<\/strong> y a su gesti\u00f3n diaria orientada a la b\u00fasqueda de soluciones para los retos relacionados con la sostenibilidad.<\/p>\r\n<p>Los D\u00edas Europeos de Solidaridad Local (EDLS) hacen un llamamiento a las ciudades y regiones europeas para que <strong>sensibilicen a su ciudadan\u00eda sobre los retos del desarrollo sostenible global y la necesidad de actuar.<\/strong><\/p>\r\n<div class=\"page\" title=\"Page 1\">\r\n<div class=\"layoutArea\">\r\n<div class=\"column\">\r\n<p>No te pierdas la pr\u00f3xima edici\u00f3n, que tendr\u00e1 lugar del 15 al 30 de noviembre de 2025 en toda Europa.<\/p>\r\n<\/div>\r\n<\/div>\r\n<\/div>\r\n<\/div>\r\n<\/div>\r\n<\/div>\r\n","protected":false},"excerpt":{"rendered":"<p>\u00a1Las ciudades y regiones est\u00e1n liderando el camino hacia el desarrollo sostenible global! \u00bfC\u00f3mo? Gracias a sus proyectos de cooperaci\u00f3n internacional con ciudades y regiones de todo el planeta y a su gesti\u00f3n diaria orientada a la b\u00fasqueda de soluciones para los retos relacionados con la sostenibilidad. Los D\u00edas Europeos de Solidaridad Local (EDLS) hacen [&hellip;]<\/p>\n","protected":false},"author":1,"featured_media":0,"parent":0,"menu_order":0,"comment_status":"closed","ping_status":"closed","template":"","meta":{"_acf_changed":false,"footnotes":""},"class_list":["post-18650","page","type-page","status-publish","hentry"],"acf":[],"yoast_head":"<!-- This site is optimized with the Yoast SEO plugin v27.3 - https:\/\/yoast.com\/product\/yoast-seo-wordpress\/ -->\n<title>La campa\u00f1a - EDLS<\/title>\n<meta name=\"robots\" content=\"index, follow, max-snippet:-1, max-image-preview:large, max-video-preview:-1\" \/>\n<link rel=\"canonical\" href=\"https:\/\/localsolidaritydays.eu\/es\/the-campaign\/\" \/>\n<meta property=\"og:locale\" content=\"es_ES\" \/>\n<meta property=\"og:type\" content=\"article\" \/>\n<meta property=\"og:title\" content=\"La campa\u00f1a - EDLS\" \/>\n<meta property=\"og:description\" content=\"\u00a1Las ciudades y regiones est\u00e1n liderando el camino hacia el desarrollo sostenible global! \u00bfC\u00f3mo? Gracias a sus proyectos de cooperaci\u00f3n internacional con ciudades y regiones de todo el planeta y a su gesti\u00f3n diaria orientada a la b\u00fasqueda de soluciones para los retos relacionados con la sostenibilidad. Los D\u00edas Europeos de Solidaridad Local (EDLS) hacen [&hellip;]\" \/>\n<meta property=\"og:url\" content=\"https:\/\/localsolidaritydays.eu\/es\/the-campaign\/\" \/>\n<meta property=\"og:site_name\" content=\"EDLS\" \/>\n<meta property=\"article:modified_time\" content=\"2025-10-07T13:48:29+00:00\" \/>\n<meta property=\"og:image\" content=\"https:\/\/localsolidaritydays.eu\/wp-content\/uploads\/2024\/10\/EDLS-twitter_EN2.jpg\" \/>\n\t<meta property=\"og:image:width\" content=\"2500\" \/>\n\t<meta property=\"og:image:height\" content=\"1408\" \/>\n\t<meta property=\"og:image:type\" content=\"image\/jpeg\" \/>\n<meta name=\"twitter:card\" content=\"summary_large_image\" \/>\n<meta name=\"twitter:label1\" content=\"Tiempo de lectura\" \/>\n\t<meta name=\"twitter:data1\" content=\"1 minuto\" \/>\n<script type=\"application\/ld+json\" class=\"yoast-schema-graph\">{\"@context\":\"https:\\\/\\\/schema.org\",\"@graph\":[{\"@type\":\"WebPage\",\"@id\":\"https:\\\/\\\/localsolidaritydays.eu\\\/es\\\/the-campaign\\\/\",\"url\":\"https:\\\/\\\/localsolidaritydays.eu\\\/es\\\/the-campaign\\\/\",\"name\":\"La campa\u00f1a - EDLS\",\"isPartOf\":{\"@id\":\"https:\\\/\\\/localsolidaritydays.eu\\\/es\\\/#website\"},\"datePublished\":\"2018-10-05T13:59:19+00:00\",\"dateModified\":\"2025-10-07T13:48:29+00:00\",\"breadcrumb\":{\"@id\":\"https:\\\/\\\/localsolidaritydays.eu\\\/es\\\/the-campaign\\\/#breadcrumb\"},\"inLanguage\":\"es\",\"potentialAction\":[{\"@type\":\"ReadAction\",\"target\":[\"https:\\\/\\\/localsolidaritydays.eu\\\/es\\\/the-campaign\\\/\"]}]},{\"@type\":\"BreadcrumbList\",\"@id\":\"https:\\\/\\\/localsolidaritydays.eu\\\/es\\\/the-campaign\\\/#breadcrumb\",\"itemListElement\":[{\"@type\":\"ListItem\",\"position\":1,\"name\":\"Home\",\"item\":\"https:\\\/\\\/localsolidaritydays.eu\\\/es\\\/\"},{\"@type\":\"ListItem\",\"position\":2,\"name\":\"La campa\u00f1a\"}]},{\"@type\":\"WebSite\",\"@id\":\"https:\\\/\\\/localsolidaritydays.eu\\\/es\\\/#website\",\"url\":\"https:\\\/\\\/localsolidaritydays.eu\\\/es\\\/\",\"name\":\"EDLS\",\"description\":\"European Days of Local Solidarity\",\"potentialAction\":[{\"@type\":\"SearchAction\",\"target\":{\"@type\":\"EntryPoint\",\"urlTemplate\":\"https:\\\/\\\/localsolidaritydays.eu\\\/es\\\/?s={search_term_string}\"},\"query-input\":{\"@type\":\"PropertyValueSpecification\",\"valueRequired\":true,\"valueName\":\"search_term_string\"}}],\"inLanguage\":\"es\"}]}<\/script>\n<!-- \/ Yoast SEO plugin. -->","yoast_head_json":{"title":"La campa\u00f1a - EDLS","robots":{"index":"index","follow":"follow","max-snippet":"max-snippet:-1","max-image-preview":"max-image-preview:large","max-video-preview":"max-video-preview:-1"},"canonical":"https:\/\/localsolidaritydays.eu\/es\/the-campaign\/","og_locale":"es_ES","og_type":"article","og_title":"La campa\u00f1a - EDLS","og_description":"\u00a1Las ciudades y regiones est\u00e1n liderando el camino hacia el desarrollo sostenible global! \u00bfC\u00f3mo? Gracias a sus proyectos de cooperaci\u00f3n internacional con ciudades y regiones de todo el planeta y a su gesti\u00f3n diaria orientada a la b\u00fasqueda de soluciones para los retos relacionados con la sostenibilidad. Los D\u00edas Europeos de Solidaridad Local (EDLS) hacen [&hellip;]","og_url":"https:\/\/localsolidaritydays.eu\/es\/the-campaign\/","og_site_name":"EDLS","article_modified_time":"2025-10-07T13:48:29+00:00","og_image":[{"width":2500,"height":1408,"url":"https:\/\/localsolidaritydays.eu\/wp-content\/uploads\/2024\/10\/EDLS-twitter_EN2.jpg","type":"image\/jpeg"}],"twitter_card":"summary_large_image","twitter_misc":{"Tiempo de lectura":"1 minuto"},"schema":{"@context":"https:\/\/schema.org","@graph":[{"@type":"WebPage","@id":"https:\/\/localsolidaritydays.eu\/es\/the-campaign\/","url":"https:\/\/localsolidaritydays.eu\/es\/the-campaign\/","name":"La campa\u00f1a - EDLS","isPartOf":{"@id":"https:\/\/localsolidaritydays.eu\/es\/#website"},"datePublished":"2018-10-05T13:59:19+00:00","dateModified":"2025-10-07T13:48:29+00:00","breadcrumb":{"@id":"https:\/\/localsolidaritydays.eu\/es\/the-campaign\/#breadcrumb"},"inLanguage":"es","potentialAction":[{"@type":"ReadAction","target":["https:\/\/localsolidaritydays.eu\/es\/the-campaign\/"]}]},{"@type":"BreadcrumbList","@id":"https:\/\/localsolidaritydays.eu\/es\/the-campaign\/#breadcrumb","itemListElement":[{"@type":"ListItem","position":1,"name":"Home","item":"https:\/\/localsolidaritydays.eu\/es\/"},{"@type":"ListItem","position":2,"name":"La campa\u00f1a"}]},{"@type":"WebSite","@id":"https:\/\/localsolidaritydays.eu\/es\/#website","url":"https:\/\/localsolidaritydays.eu\/es\/","name":"EDLS","description":"European Days of Local Solidarity","potentialAction":[{"@type":"SearchAction","target":{"@type":"EntryPoint","urlTemplate":"https:\/\/localsolidaritydays.eu\/es\/?s={search_term_string}"},"query-input":{"@type":"PropertyValueSpecification","valueRequired":true,"valueName":"search_term_string"}}],"inLanguage":"es"}]}},"_links":{"self":[{"href":"https:\/\/localsolidaritydays.eu\/es\/wp-json\/wp\/v2\/pages\/18650","targetHints":{"allow":["GET"]}}],"collection":[{"href":"https:\/\/localsolidaritydays.eu\/es\/wp-json\/wp\/v2\/pages"}],"about":[{"href":"https:\/\/localsolidaritydays.eu\/es\/wp-json\/wp\/v2\/types\/page"}],"author":[{"embeddable":true,"href":"https:\/\/localsolidaritydays.eu\/es\/wp-json\/wp\/v2\/users\/1"}],"replies":[{"embeddable":true,"href":"https:\/\/localsolidaritydays.eu\/es\/wp-json\/wp\/v2\/comments?post=18650"}],"version-history":[{"count":3,"href":"https:\/\/localsolidaritydays.eu\/es\/wp-json\/wp\/v2\/pages\/18650\/revisions"}],"predecessor-version":[{"id":19424,"href":"https:\/\/localsolidaritydays.eu\/es\/wp-json\/wp\/v2\/pages\/18650\/revisions\/19424"}],"wp:attachment":[{"href":"https:\/\/localsolidaritydays.eu\/es\/wp-json\/wp\/v2\/media?parent=18650"}],"curies":[{"name":"wp","href":"https:\/\/api.w.org\/{rel}","templated":true}]}}